{"id":20613,"date":"2021-12-01T12:36:52","date_gmt":"2021-12-01T11:36:52","guid":{"rendered":"https:\/\/www.mecadi.com\/?page_id=20613"},"modified":"2025-03-27T13:54:49","modified_gmt":"2025-03-27T12:54:49","slug":"permeation-polymers","status":"publish","type":"page","link":"https:\/\/www.mecadi.com\/en\/","title":{"rendered":"Permeation &amp; Polymers"},"content":{"rendered":"\t\t<div data-elementor-type=\"wp-page\" data-elementor-id=\"20613\" class=\"elementor elementor-20613 elementor-20610\" data-elementor-post-type=\"page\">\n\t\t\t\t\t\t<section class=\"elementor-section elementor-top-section elementor-element elementor-element-58347c98 elementor-section-boxed elementor-section-height-default elementor-section-height-default\" data-id=\"58347c98\" data-element_type=\"section\" data-e-type=\"section\">\n\t\t\t\t\t\t<div class=\"elementor-container elementor-column-gap-default\">\n\t\t\t\t\t<div class=\"elementor-column elementor-col-100 elementor-top-column elementor-element elementor-element-38c533f6\" data-id=\"38c533f6\" data-element_type=\"column\" data-e-type=\"column\">\n\t\t\t<div class=\"elementor-widget-wrap elementor-element-populated\">\n\t\t\t\t\t\t<div class=\"elementor-element elementor-element-58b5f4b elementor-widget elementor-widget-text-editor\" data-id=\"58b5f4b\" data-element_type=\"widget\" data-e-type=\"widget\" data-widget_type=\"text-editor.default\">\n\t\t\t\t<div class=\"elementor-widget-container\">\n\t\t\t\t\t\t\t\t\t<p>Die Mecadi GmbH \u2013 Chemicals\/Processing ist ein weltweit branchen\u00fcbergreifend t\u00e4tiger Dienstleister und Hersteller in den Bereichen Permeation und funktionalisierte Polymere.<\/p><p>Unser Fokus richtet sich auf Dienstleistungen im Bereich Permeation, angefangen von kundenspezifischen Messungen \u2013 mit einem weit \u00fcber Standards hinaus reichenden Spektrum von m\u00f6glichen Pr\u00fcfbedingungen \u2013 bis hin zum Angebot von Messzellen oder kompletten Messanlagen.<\/p><p>Einzigartig ist die Kombination von Know-How aus den Gebieten Permeationsmessung, makromolekulare Chemie, Biotechnologie, sowie Membran- und Folientechnik, die wir unseren Kunden zur Verf\u00fcgung stellen.<\/p><p>Unsere funktionalisierten Polymere als Produkte innovativer Forschung und Materialentwicklung erlauben bei geringem Materialeinsatz gezielte Einstellung der Chemikalieneigenschaften \u2013 zu den Materialanforderungen unserer Kunden entwickeln wir die passenden Polymere.<\/p><p>Mit unseren Leistungen und Produkten steigern wir die Leistung unserer Partner. Den Erfolg und die Zufriedenheit unserer Kunden sehen wir als unsere zentrale Aufgaben an.<\/p>\t\t\t\t\t\t\t\t<\/div>\n\t\t\t\t<\/div>\n\t\t\t\t<section class=\"elementor-section elementor-inner-section elementor-element elementor-element-a6c08e2 elementor-section-boxed elementor-section-height-default elementor-section-height-default\" data-id=\"a6c08e2\" data-element_type=\"section\" data-e-type=\"section\">\n\t\t\t\t\t\t<div class=\"elementor-container elementor-column-gap-default\">\n\t\t\t\t\t<div class=\"elementor-column elementor-col-50 elementor-inner-column elementor-element elementor-element-20f5114\" data-id=\"20f5114\" data-element_type=\"column\" data-e-type=\"column\">\n\t\t\t<div class=\"elementor-widget-wrap elementor-element-populated\">\n\t\t\t\t\t\t<div class=\"elementor-element elementor-element-9a1f787 elementor-widget elementor-widget-image\" data-id=\"9a1f787\" data-element_type=\"widget\" data-e-type=\"widget\" data-widget_type=\"image.default\">\n\t\t\t\t<div class=\"elementor-widget-container\">\n\t\t\t\t\t\t\t\t\t\t\t\t\t\t\t\t<a href=\"https:\/\/www.mecadi.com\/de\/permeationsmessungen\/wasserstoffdurchl%C3%A4ssigkeit\/wasserstoff-permeation-iso-15105\/\">\n\t\t\t\t\t\t\t<img decoding=\"async\" width=\"150\" height=\"110\" src=\"https:\/\/www.mecadi.com\/wp-content\/uploads\/permeation_zubehoer.jpg\" class=\"attachment-large size-large wp-image-14384\" alt=\"\" \/>\t\t\t\t\t\t\t\t<\/a>\n\t\t\t\t\t\t\t\t\t\t\t\t\t\t\t<\/div>\n\t\t\t\t<\/div>\n\t\t\t\t<div class=\"elementor-element elementor-element-0ebcb6d elementor-widget elementor-widget-heading\" data-id=\"0ebcb6d\" data-element_type=\"widget\" data-e-type=\"widget\" data-widget_type=\"heading.default\">\n\t\t\t\t<div class=\"elementor-widget-container\">\n\t\t\t\t\t<span class=\"elementor-heading-title elementor-size-default\"><a href=\"https:\/\/www.mecadi.com\/en\/permeation-measurement\/hydrogen-permeability\/hydrogen-permeability-manometric-after-iso-15105\/\">Permeation von Wasserstoff<\/a><\/span>\t\t\t\t<\/div>\n\t\t\t\t<\/div>\n\t\t\t\t<div class=\"elementor-element elementor-element-6f431df elementor-widget elementor-widget-text-editor\" data-id=\"6f431df\" data-element_type=\"widget\" data-e-type=\"widget\" data-widget_type=\"text-editor.default\">\n\t\t\t\t<div class=\"elementor-widget-container\">\n\t\t\t\t\t\t\t\t\t<p style=\"text-align: center;\">Pr\u00fcfmethode zur Bestimmung der Gasdurchl\u00e4ssigkeit durch flache Kunststoffe wie Folien, Folienbahnen, Laminate, coextrudierte oder beschichtete Materialien.<\/p>\t\t\t\t\t\t\t\t<\/div>\n\t\t\t\t<\/div>\n\t\t\t\t<div class=\"elementor-element elementor-element-08ef522 elementor-align-justify elementor-widget elementor-widget-button\" data-id=\"08ef522\" data-element_type=\"widget\" data-e-type=\"widget\" data-widget_type=\"button.default\">\n\t\t\t\t<div class=\"elementor-widget-container\">\n\t\t\t\t\t\t\t\t\t<div class=\"elementor-button-wrapper\">\n\t\t\t\t\t<a class=\"elementor-button elementor-button-link elementor-size-sm\" href=\"https:\/\/www.mecadi.com\/en\/permeation-measurement\/hydrogen-permeability\/hydrogen-permeability-manometric-after-iso-15105\/\">\n\t\t\t\t\t\t<span class=\"elementor-button-content-wrapper\">\n\t\t\t\t\t\t\t\t\t<span class=\"elementor-button-text\">Jetzt mehr erfahren<\/span>\n\t\t\t\t\t<\/span>\n\t\t\t\t\t<\/a>\n\t\t\t\t<\/div>\n\t\t\t\t\t\t\t\t<\/div>\n\t\t\t\t<\/div>\n\t\t\t\t\t<\/div>\n\t\t<\/div>\n\t\t\t\t<div class=\"elementor-column elementor-col-50 elementor-inner-column elementor-element elementor-element-2fc0c72\" data-id=\"2fc0c72\" data-element_type=\"column\" data-e-type=\"column\">\n\t\t\t<div class=\"elementor-widget-wrap elementor-element-populated\">\n\t\t\t\t\t\t<div class=\"elementor-element elementor-element-0965e9f elementor-widget elementor-widget-image\" data-id=\"0965e9f\" data-element_type=\"widget\" data-e-type=\"widget\" data-widget_type=\"image.default\">\n\t\t\t\t<div class=\"elementor-widget-container\">\n\t\t\t\t\t\t\t\t\t\t\t\t\t\t\t\t<a href=\"https:\/\/www.mecadi.com\/de\/chemicals_processing\/\">\n\t\t\t\t\t\t\t<img decoding=\"async\" width=\"150\" height=\"110\" src=\"https:\/\/www.mecadi.com\/wp-content\/uploads\/permeation_membran.jpg\" class=\"attachment-large size-large wp-image-14360\" alt=\"\" \/>\t\t\t\t\t\t\t\t<\/a>\n\t\t\t\t\t\t\t\t\t\t\t\t\t\t\t<\/div>\n\t\t\t\t<\/div>\n\t\t\t\t<div class=\"elementor-element elementor-element-bb38313 elementor-widget elementor-widget-heading\" data-id=\"bb38313\" data-element_type=\"widget\" data-e-type=\"widget\" data-widget_type=\"heading.default\">\n\t\t\t\t<div class=\"elementor-widget-container\">\n\t\t\t\t\t<span class=\"elementor-heading-title elementor-size-default\"><a href=\"https:\/\/www.mecadi.com\/de\/chemicals_processing\/\">Functional Polymers<\/a><\/span>\t\t\t\t<\/div>\n\t\t\t\t<\/div>\n\t\t\t\t<div class=\"elementor-element elementor-element-8cb29c7 elementor-widget elementor-widget-text-editor\" data-id=\"8cb29c7\" data-element_type=\"widget\" data-e-type=\"widget\" data-widget_type=\"text-editor.default\">\n\t\t\t\t<div class=\"elementor-widget-container\">\n\t\t\t\t\t\t\t\t\t<p>Mit den von uns entwickelten Functional Polymers lassen sich bei geringem Materialeinsatz gezielt Produkteigenschaften einstellen.<br><\/p>\t\t\t\t\t\t\t\t<\/div>\n\t\t\t\t<\/div>\n\t\t\t\t<div class=\"elementor-element elementor-element-37319c0 elementor-align-justify elementor-widget elementor-widget-button\" data-id=\"37319c0\" data-element_type=\"widget\" data-e-type=\"widget\" data-widget_type=\"button.default\">\n\t\t\t\t<div class=\"elementor-widget-container\">\n\t\t\t\t\t\t\t\t\t<div class=\"elementor-button-wrapper\">\n\t\t\t\t\t<a class=\"elementor-button elementor-button-link elementor-size-sm\" href=\"https:\/\/www.mecadi.com\/de\/chemicals_processing\/\">\n\t\t\t\t\t\t<span class=\"elementor-button-content-wrapper\">\n\t\t\t\t\t\t\t\t\t<span class=\"elementor-button-text\">Jetzt mehr erfahren<\/span>\n\t\t\t\t\t<\/span>\n\t\t\t\t\t<\/a>\n\t\t\t\t<\/div>\n\t\t\t\t\t\t\t\t<\/div>\n\t\t\t\t<\/div>\n\t\t\t\t\t<\/div>\n\t\t<\/div>\n\t\t\t\t\t<\/div>\n\t\t<\/section>\n\t\t\t\t<div class=\"elementor-element elementor-element-b97d1b1 elementor-widget elementor-widget-text-editor\" data-id=\"b97d1b1\" data-element_type=\"widget\" data-e-type=\"widget\" data-widget_type=\"text-editor.default\">\n\t\t\t\t<div class=\"elementor-widget-container\">\n\t\t\t\t\t\t\t\t\t<p>\u00a0<\/p><p><span style=\"background-color: var(--nv-site-bg); color: var(--nv-text-color); font-family: var(--bodyFontFamily),var(--nv-fallback-ff); font-size: var(--bodyFontSize); font-weight: var(--bodyFontWeight); letter-spacing: var(--bodyLetterSpacing); text-transform: var(--bodyTextTransform);\">Unser\u00a0<\/span><span class=\"fett\" style=\"background-color: var(--nv-site-bg); color: var(--nv-text-color); font-family: var(--bodyFontFamily),var(--nv-fallback-ff); font-size: var(--bodyFontSize); font-weight: var(--bodyFontWeight); letter-spacing: var(--bodyLetterSpacing); text-transform: var(--bodyTextTransform);\">Spezialgebiet<\/span><span style=\"background-color: var(--nv-site-bg); color: var(--nv-text-color); font-family: var(--bodyFontFamily),var(--nv-fallback-ff); font-size: var(--bodyFontSize); font-weight: var(--bodyFontWeight); letter-spacing: var(--bodyLetterSpacing); text-transform: var(--bodyTextTransform);\">\u00a0ist die\u00a0<\/span><span class=\"fett\" style=\"background-color: var(--nv-site-bg); color: var(--nv-text-color); font-family: var(--bodyFontFamily),var(--nv-fallback-ff); font-size: var(--bodyFontSize); font-weight: var(--bodyFontWeight); letter-spacing: var(--bodyLetterSpacing); text-transform: var(--bodyTextTransform);\">Messung von Permeation<\/span><span style=\"background-color: var(--nv-site-bg); color: var(--nv-text-color); font-family: var(--bodyFontFamily),var(--nv-fallback-ff); font-size: var(--bodyFontSize); font-weight: var(--bodyFontWeight); letter-spacing: var(--bodyLetterSpacing); text-transform: var(--bodyTextTransform);\">. Produkthighlights sind z.B. die Messung der\u00a0<\/span><a style=\"background-color: var(--nv-site-bg); font-family: var(--bodyFontFamily),var(--nv-fallback-ff); font-size: var(--bodyFontSize); font-weight: var(--bodyFontWeight); letter-spacing: var(--bodyLetterSpacing); text-transform: var(--bodyTextTransform);\" title=\"Messung der Permeation von Wasserstoff\" href=\"https:\/\/www.mecadi.com\/de\/permeationsmessungen\/wasserstoffdurchl%C3%A4ssigkeit\/wasserstoff-permeation-iso-15105\">Permeation von Wasserstoff<\/a><span style=\"background-color: var(--nv-site-bg); color: var(--nv-text-color); font-family: var(--bodyFontFamily),var(--nv-fallback-ff); font-size: var(--bodyFontSize); font-weight: var(--bodyFontWeight); letter-spacing: var(--bodyLetterSpacing); text-transform: var(--bodyTextTransform);\">\u00a0und die Messung der\u00a0<\/span><a style=\"background-color: var(--nv-site-bg); font-family: var(--bodyFontFamily),var(--nv-fallback-ff); font-size: var(--bodyFontSize); font-weight: var(--bodyFontWeight); letter-spacing: var(--bodyLetterSpacing); text-transform: var(--bodyTextTransform);\" title=\"Permeation von Ammoniak\" href=\"https:\/\/www.mecadi.com\/de\/permeationsmessungen\/andere-fl%C3%BCssig-dampfdurchl%C3%A4ssigkeit\/ammoniak-permeation-nach-iso-6529\">Permeation von Ammoniak<\/a><span style=\"background-color: var(--nv-site-bg); color: var(--nv-text-color); font-family: var(--bodyFontFamily),var(--nv-fallback-ff); font-size: var(--bodyFontSize); font-weight: var(--bodyFontWeight); letter-spacing: var(--bodyLetterSpacing); text-transform: var(--bodyTextTransform);\">. Hier gelangen Sie zur \u00dcbersicht \u00fcber die\u00a0<\/span><a style=\"background-color: var(--nv-site-bg); font-family: var(--bodyFontFamily),var(--nv-fallback-ff); font-size: var(--bodyFontSize); font-weight: var(--bodyFontWeight); letter-spacing: var(--bodyLetterSpacing); text-transform: var(--bodyTextTransform);\" title=\"Permeationsmessungen\" href=\"https:\/\/www.mecadi.com\/de\/permeationsmessungen\">Permeationsmessungen<\/a><span style=\"background-color: var(--nv-site-bg); color: var(--nv-text-color); font-family: var(--bodyFontFamily),var(--nv-fallback-ff); font-size: var(--bodyFontSize); font-weight: var(--bodyFontWeight); letter-spacing: var(--bodyLetterSpacing); text-transform: var(--bodyTextTransform);\">.<\/span><\/p>\t\t\t\t\t\t\t\t<\/div>\n\t\t\t\t<\/div>\n\t\t\t\t\t<\/div>\n\t\t<\/div>\n\t\t\t\t\t<\/div>\n\t\t<\/section>\n\t\t\t\t<\/div>\n\t\t","protected":false},"excerpt":{"rendered":"<p>Die Mecadi GmbH \u2013 Chemicals\/Processing ist ein weltweit branchen\u00fcbergreifend t\u00e4tiger Dienstleister und Hersteller in den Bereichen Permeation und funktionalisierte Polymere. Unser Fokus richtet sich auf Dienstleistungen im Bereich Permeation, angefangen von kundenspezifischen Messungen \u2013 mit einem weit \u00fcber Standards hinaus reichenden Spektrum von m\u00f6glichen Pr\u00fcfbedingungen \u2013 bis hin zum Angebot von Messzellen oder kompletten Messanlagen.&hellip;&nbsp;<a href=\"https:\/\/www.mecadi.com\/en\/\" rel=\"bookmark\">Read More &raquo;<span class=\"screen-reader-text\">Permeation &amp; Polymers<\/span><\/a><\/p>\n","protected":false},"author":1,"featured_media":0,"parent":0,"menu_order":0,"comment_status":"closed","ping_status":"closed","template":"","meta":{"_acf_changed":false,"_yoast_wpseo_title":"","_yoast_wpseo_metadesc":"","neve_meta_sidebar":"","neve_meta_container":"","neve_meta_enable_content_width":"off","neve_meta_content_width":100,"neve_meta_title_alignment":"","neve_meta_author_avatar":"","neve_post_elements_order":"","neve_meta_disable_header":"","neve_meta_disable_footer":"","neve_meta_disable_title":"","footnotes":""},"class_list":["post-20613","page","type-page","status-publish","hentry"],"acf":[],"yoast_head":"<!-- This site is optimized with the Yoast SEO plugin v27.1.1 - https:\/\/yoast.com\/product\/yoast-seo-wordpress\/ -->\n<title>Permeation &amp; Polymers - Permeation &amp; Polymers<\/title>\n<meta name=\"robots\" content=\"index, follow, max-snippet:-1, max-image-preview:large, max-video-preview:-1\" \/>\n<link rel=\"canonical\" href=\"https:\/\/www.mecadi.com\/en\/permeation-polymers\/\" \/>\n<meta property=\"og:locale\" content=\"en_US\" \/>\n<meta property=\"og:type\" content=\"article\" \/>\n<meta property=\"og:title\" content=\"Permeation &amp; Polymers - Permeation &amp; Polymers\" \/>\n<meta property=\"og:description\" content=\"Die Mecadi GmbH \u2013 Chemicals\/Processing ist ein weltweit branchen\u00fcbergreifend t\u00e4tiger Dienstleister und Hersteller in den Bereichen Permeation und funktionalisierte Polymere. Unser Fokus richtet sich auf Dienstleistungen im Bereich Permeation, angefangen von kundenspezifischen Messungen \u2013 mit einem weit \u00fcber Standards hinaus reichenden Spektrum von m\u00f6glichen Pr\u00fcfbedingungen \u2013 bis hin zum Angebot von Messzellen oder kompletten Messanlagen.&hellip;&nbsp;Read More &raquo;Permeation &amp; Polymers\" \/>\n<meta property=\"og:url\" content=\"https:\/\/www.mecadi.com\/en\/permeation-polymers\/\" \/>\n<meta property=\"og:site_name\" content=\"Permeation &amp; Polymers\" \/>\n<meta property=\"article:modified_time\" content=\"2025-03-27T12:54:49+00:00\" \/>\n<meta property=\"og:image\" content=\"https:\/\/www.mecadi.com\/wp-content\/uploads\/permeation_zubehoer.jpg\" \/>\n<meta name=\"twitter:card\" content=\"summary_large_image\" \/>\n<meta name=\"twitter:label1\" content=\"Est. reading time\" \/>\n\t<meta name=\"twitter:data1\" content=\"2 minutes\" \/>\n<!-- \/ Yoast SEO plugin. -->","yoast_head_json":{"title":"Permeation &amp; Polymers - Permeation &amp; Polymers","robots":{"index":"index","follow":"follow","max-snippet":"max-snippet:-1","max-image-preview":"max-image-preview:large","max-video-preview":"max-video-preview:-1"},"canonical":"https:\/\/www.mecadi.com\/en\/permeation-polymers\/","og_locale":"en_US","og_type":"article","og_title":"Permeation &amp; Polymers - Permeation &amp; Polymers","og_description":"Die Mecadi GmbH \u2013 Chemicals\/Processing ist ein weltweit branchen\u00fcbergreifend t\u00e4tiger Dienstleister und Hersteller in den Bereichen Permeation und funktionalisierte Polymere. Unser Fokus richtet sich auf Dienstleistungen im Bereich Permeation, angefangen von kundenspezifischen Messungen \u2013 mit einem weit \u00fcber Standards hinaus reichenden Spektrum von m\u00f6glichen Pr\u00fcfbedingungen \u2013 bis hin zum Angebot von Messzellen oder kompletten Messanlagen.&hellip;&nbsp;Read More &raquo;Permeation &amp; Polymers","og_url":"https:\/\/www.mecadi.com\/en\/permeation-polymers\/","og_site_name":"Permeation &amp; Polymers","article_modified_time":"2025-03-27T12:54:49+00:00","og_image":[{"url":"https:\/\/www.mecadi.com\/wp-content\/uploads\/permeation_zubehoer.jpg","type":"","width":"","height":""}],"twitter_card":"summary_large_image","twitter_misc":{"Est. reading time":"2 minutes"},"schema":{"@context":"https:\/\/schema.org","@graph":[{"@type":"WebPage","@id":"https:\/\/www.mecadi.com\/en\/permeation-polymers\/","url":"https:\/\/www.mecadi.com\/en\/permeation-polymers\/","name":"Permeation &amp; Polymers - Permeation &amp; Polymers","isPartOf":{"@id":"https:\/\/www.mecadi.com\/de\/#website"},"primaryImageOfPage":{"@id":"https:\/\/www.mecadi.com\/en\/permeation-polymers\/#primaryimage"},"image":{"@id":"https:\/\/www.mecadi.com\/en\/permeation-polymers\/#primaryimage"},"thumbnailUrl":"https:\/\/www.mecadi.com\/wp-content\/uploads\/permeation_zubehoer.jpg","datePublished":"2021-12-01T11:36:52+00:00","dateModified":"2025-03-27T12:54:49+00:00","breadcrumb":{"@id":"https:\/\/www.mecadi.com\/en\/permeation-polymers\/#breadcrumb"},"inLanguage":"en-US","potentialAction":[{"@type":"ReadAction","target":["https:\/\/www.mecadi.com\/en\/permeation-polymers\/"]}]},{"@type":"ImageObject","inLanguage":"en-US","@id":"https:\/\/www.mecadi.com\/en\/permeation-polymers\/#primaryimage","url":"https:\/\/www.mecadi.com\/wp-content\/uploads\/permeation_zubehoer.jpg","contentUrl":"https:\/\/www.mecadi.com\/wp-content\/uploads\/permeation_zubehoer.jpg"},{"@type":"BreadcrumbList","@id":"https:\/\/www.mecadi.com\/en\/permeation-polymers\/#breadcrumb","itemListElement":[{"@type":"ListItem","position":1,"name":"Home","item":"https:\/\/www.mecadi.com\/en\/permeation-polymers\/"},{"@type":"ListItem","position":2,"name":"Permeation &amp; Polymers"}]},{"@type":"WebSite","@id":"https:\/\/www.mecadi.com\/de\/#website","url":"https:\/\/www.mecadi.com\/de\/","name":"Permeation &amp; Polymers","description":"innovation for your business","publisher":{"@id":"https:\/\/www.mecadi.com\/de\/#organization"},"potentialAction":[{"@type":"SearchAction","target":{"@type":"EntryPoint","urlTemplate":"https:\/\/www.mecadi.com\/de\/?s={search_term_string}"},"query-input":{"@type":"PropertyValueSpecification","valueRequired":true,"valueName":"search_term_string"}}],"inLanguage":"en-US"},{"@type":"Organization","@id":"https:\/\/www.mecadi.com\/de\/#organization","name":"Permeation &amp; Polymers","url":"https:\/\/www.mecadi.com\/de\/","logo":{"@type":"ImageObject","inLanguage":"en-US","@id":"https:\/\/www.mecadi.com\/de\/#\/schema\/logo\/image\/","url":"https:\/\/www.mecadi.com\/wp-content\/uploads\/cropped-Logo_Mecadi_2025.png","contentUrl":"https:\/\/www.mecadi.com\/wp-content\/uploads\/cropped-Logo_Mecadi_2025.png","width":828,"height":439,"caption":"Permeation &amp; Polymers"},"image":{"@id":"https:\/\/www.mecadi.com\/de\/#\/schema\/logo\/image\/"}}]}},"_links":{"self":[{"href":"https:\/\/www.mecadi.com\/en\/wp-json\/wp\/v2\/pages\/20613","targetHints":{"allow":["GET"]}}],"collection":[{"href":"https:\/\/www.mecadi.com\/en\/wp-json\/wp\/v2\/pages"}],"about":[{"href":"https:\/\/www.mecadi.com\/en\/wp-json\/wp\/v2\/types\/page"}],"author":[{"embeddable":true,"href":"https:\/\/www.mecadi.com\/en\/wp-json\/wp\/v2\/users\/1"}],"replies":[{"embeddable":true,"href":"https:\/\/www.mecadi.com\/en\/wp-json\/wp\/v2\/comments?post=20613"}],"version-history":[{"count":4,"href":"https:\/\/www.mecadi.com\/en\/wp-json\/wp\/v2\/pages\/20613\/revisions"}],"predecessor-version":[{"id":21496,"href":"https:\/\/www.mecadi.com\/en\/wp-json\/wp\/v2\/pages\/20613\/revisions\/21496"}],"wp:attachment":[{"href":"https:\/\/www.mecadi.com\/en\/wp-json\/wp\/v2\/media?parent=20613"}],"curies":[{"name":"wp","href":"https:\/\/api.w.org\/{rel}","templated":true}]}}