{"id":20818,"date":"2021-12-22T08:18:01","date_gmt":"2021-12-22T07:18:01","guid":{"rendered":"https:\/\/www.mecadi.com\/?page_id=20818"},"modified":"2021-12-22T08:18:27","modified_gmt":"2021-12-22T07:18:27","slug":"chemicals_processing","status":"publish","type":"page","link":"https:\/\/www.mecadi.com\/de\/chemicals_processing\/","title":{"rendered":"Functional Polymers"},"content":{"rendered":"<h2>Innovative Materialentwicklung<\/h2>\n<p>Mit den von uns entwickelten Functional Polymers lassen sich bei geringem Materialeinsatz gezielt Produkteigenschaften einstellen. Die Anbindung von Katalysatorkomplexen an Polymere etwa kann die Lebensdauer der Katalysatoren verl\u00e4ngern, oder die Realisierung neuartiger grenzfl\u00e4chenaktiver Systeme erm\u00f6glichen.<\/p>\n<p>Leicht fl\u00fcchtige Substanzen k\u00f6nnen an Polymere chemisch gebunden sicher gehandhabt werden. So k\u00f6nnen polymergebundene Substanzen in Zubereitungen ihre Wirkung entfalten, ohne Mensch und Umwelt zu gef\u00e4hrden. Diese Technologie erm\u00f6glicht es, die Ziele von REACH (Registration, Evaluation and Authorisation of Chemicals) zu erreichen, ohne die Notwendigkeit aufwendiger Zulassungsprozeduren.<\/p>\n<h2>Schwerpunkt<\/h2>\n<p>Schwerpunktm\u00e4\u00dfig besch\u00e4ftigt sich Mecadi mit der Entwicklung und Herstellung von Polyvinylalkoholderivaten und Folgeprodukten. Mecadi er\u00f6ffnet Kunden den Zugang zu vorhandenen Substanzbibliotheken. Diese enthalten Derivate mit unterschiedlicher Funktionalit\u00e4t, Funktionalisierungsgrad und Molmasse.<\/p>\n<p>Mecadi fertigt im Kundenauftrag kg-Mengen der Derivate. Technische Mengen k\u00f6nnen von Fertigungspartnern hergestellt werden. Mecadi unterst\u00fctzt Kunden auch bei der Applikationsentwicklung, wie z.B. Beschichtungsversuchen mit den Polymeren.<\/p>\n<p>In Kooperation mit dem Forschungszentrum Karlsruhe wurde der Zugang zu neuen polymeren Substanzen mit einzigartigen Eigenschaften erschlossen.<\/p>\n","protected":false},"excerpt":{"rendered":"<p>Innovative Materialentwicklung Mit den von uns entwickelten Functional Polymers lassen sich bei geringem Materialeinsatz gezielt Produkteigenschaften einstellen. Die Anbindung von Katalysatorkomplexen an Polymere etwa kann die Lebensdauer der Katalysatoren verl\u00e4ngern, oder die Realisierung neuartiger grenzfl\u00e4chenaktiver Systeme erm\u00f6glichen. Leicht fl\u00fcchtige Substanzen k\u00f6nnen an Polymere chemisch gebunden sicher gehandhabt werden. So k\u00f6nnen polymergebundene Substanzen in Zubereitungen ihre&hellip;&nbsp;<a href=\"https:\/\/www.mecadi.com\/de\/chemicals_processing\/\" rel=\"bookmark\">Weiterlesen &raquo;<span class=\"screen-reader-text\">Functional Polymers<\/span><\/a><\/p>\n","protected":false},"author":1,"featured_media":0,"parent":0,"menu_order":0,"comment_status":"closed","ping_status":"closed","template":"","meta":{"_acf_changed":false,"_yoast_wpseo_title":"","_yoast_wpseo_metadesc":"","neve_meta_sidebar":"","neve_meta_container":"","neve_meta_enable_content_width":"off","neve_meta_content_width":100,"neve_meta_title_alignment":"","neve_meta_author_avatar":"","neve_post_elements_order":"","neve_meta_disable_header":"","neve_meta_disable_footer":"","neve_meta_disable_title":"","footnotes":""},"class_list":["post-20818","page","type-page","status-publish","hentry"],"acf":[],"yoast_head":"<!-- This site is optimized with the Yoast SEO plugin v27.1.1 - https:\/\/yoast.com\/product\/yoast-seo-wordpress\/ -->\n<title>Functional Polymers - Permeation &amp; Polymers<\/title>\n<meta name=\"robots\" content=\"index, follow, max-snippet:-1, max-image-preview:large, max-video-preview:-1\" \/>\n<link rel=\"canonical\" href=\"https:\/\/www.mecadi.com\/de\/chemicals_processing\/\" \/>\n<meta property=\"og:locale\" content=\"de_DE\" \/>\n<meta property=\"og:type\" content=\"article\" \/>\n<meta property=\"og:title\" content=\"Functional Polymers - Permeation &amp; Polymers\" \/>\n<meta property=\"og:description\" content=\"Innovative Materialentwicklung Mit den von uns entwickelten Functional Polymers lassen sich bei geringem Materialeinsatz gezielt Produkteigenschaften einstellen. Die Anbindung von Katalysatorkomplexen an Polymere etwa kann die Lebensdauer der Katalysatoren verl\u00e4ngern, oder die Realisierung neuartiger grenzfl\u00e4chenaktiver Systeme erm\u00f6glichen. Leicht fl\u00fcchtige Substanzen k\u00f6nnen an Polymere chemisch gebunden sicher gehandhabt werden. So k\u00f6nnen polymergebundene Substanzen in Zubereitungen ihre&hellip;&nbsp;Weiterlesen &raquo;Functional Polymers\" \/>\n<meta property=\"og:url\" content=\"https:\/\/www.mecadi.com\/de\/chemicals_processing\/\" \/>\n<meta property=\"og:site_name\" content=\"Permeation &amp; Polymers\" \/>\n<meta property=\"article:modified_time\" content=\"2021-12-22T07:18:27+00:00\" \/>\n<meta name=\"twitter:card\" content=\"summary_large_image\" \/>\n<meta name=\"twitter:label1\" content=\"Gesch\u00e4tzte Lesezeit\" \/>\n\t<meta name=\"twitter:data1\" content=\"1\u00a0Minute\" \/>\n<!-- \/ Yoast SEO plugin. -->","yoast_head_json":{"title":"Functional Polymers - Permeation &amp; Polymers","robots":{"index":"index","follow":"follow","max-snippet":"max-snippet:-1","max-image-preview":"max-image-preview:large","max-video-preview":"max-video-preview:-1"},"canonical":"https:\/\/www.mecadi.com\/de\/chemicals_processing\/","og_locale":"de_DE","og_type":"article","og_title":"Functional Polymers - Permeation &amp; Polymers","og_description":"Innovative Materialentwicklung Mit den von uns entwickelten Functional Polymers lassen sich bei geringem Materialeinsatz gezielt Produkteigenschaften einstellen. Die Anbindung von Katalysatorkomplexen an Polymere etwa kann die Lebensdauer der Katalysatoren verl\u00e4ngern, oder die Realisierung neuartiger grenzfl\u00e4chenaktiver Systeme erm\u00f6glichen. Leicht fl\u00fcchtige Substanzen k\u00f6nnen an Polymere chemisch gebunden sicher gehandhabt werden. So k\u00f6nnen polymergebundene Substanzen in Zubereitungen ihre&hellip;&nbsp;Weiterlesen &raquo;Functional Polymers","og_url":"https:\/\/www.mecadi.com\/de\/chemicals_processing\/","og_site_name":"Permeation &amp; Polymers","article_modified_time":"2021-12-22T07:18:27+00:00","twitter_card":"summary_large_image","twitter_misc":{"Gesch\u00e4tzte Lesezeit":"1\u00a0Minute"},"schema":{"@context":"https:\/\/schema.org","@graph":[{"@type":"WebPage","@id":"https:\/\/www.mecadi.com\/de\/chemicals_processing\/","url":"https:\/\/www.mecadi.com\/de\/chemicals_processing\/","name":"Functional Polymers - Permeation &amp; Polymers","isPartOf":{"@id":"https:\/\/www.mecadi.com\/de\/#website"},"datePublished":"2021-12-22T07:18:01+00:00","dateModified":"2021-12-22T07:18:27+00:00","breadcrumb":{"@id":"https:\/\/www.mecadi.com\/de\/chemicals_processing\/#breadcrumb"},"inLanguage":"de","potentialAction":[{"@type":"ReadAction","target":["https:\/\/www.mecadi.com\/de\/chemicals_processing\/"]}]},{"@type":"BreadcrumbList","@id":"https:\/\/www.mecadi.com\/de\/chemicals_processing\/#breadcrumb","itemListElement":[{"@type":"ListItem","position":1,"name":"Startseite","item":"https:\/\/www.mecadi.com\/de\/"},{"@type":"ListItem","position":2,"name":"Functional Polymers"}]},{"@type":"WebSite","@id":"https:\/\/www.mecadi.com\/de\/#website","url":"https:\/\/www.mecadi.com\/de\/","name":"Permeation &amp; Polymers","description":"innovation for your business","publisher":{"@id":"https:\/\/www.mecadi.com\/de\/#organization"},"potentialAction":[{"@type":"SearchAction","target":{"@type":"EntryPoint","urlTemplate":"https:\/\/www.mecadi.com\/de\/?s={search_term_string}"},"query-input":{"@type":"PropertyValueSpecification","valueRequired":true,"valueName":"search_term_string"}}],"inLanguage":"de"},{"@type":"Organization","@id":"https:\/\/www.mecadi.com\/de\/#organization","name":"Permeation &amp; Polymers","url":"https:\/\/www.mecadi.com\/de\/","logo":{"@type":"ImageObject","inLanguage":"de","@id":"https:\/\/www.mecadi.com\/de\/#\/schema\/logo\/image\/","url":"https:\/\/www.mecadi.com\/wp-content\/uploads\/cropped-Logo_Mecadi_2025.png","contentUrl":"https:\/\/www.mecadi.com\/wp-content\/uploads\/cropped-Logo_Mecadi_2025.png","width":828,"height":439,"caption":"Permeation &amp; Polymers"},"image":{"@id":"https:\/\/www.mecadi.com\/de\/#\/schema\/logo\/image\/"}}]}},"_links":{"self":[{"href":"https:\/\/www.mecadi.com\/de\/wp-json\/wp\/v2\/pages\/20818","targetHints":{"allow":["GET"]}}],"collection":[{"href":"https:\/\/www.mecadi.com\/de\/wp-json\/wp\/v2\/pages"}],"about":[{"href":"https:\/\/www.mecadi.com\/de\/wp-json\/wp\/v2\/types\/page"}],"author":[{"embeddable":true,"href":"https:\/\/www.mecadi.com\/de\/wp-json\/wp\/v2\/users\/1"}],"replies":[{"embeddable":true,"href":"https:\/\/www.mecadi.com\/de\/wp-json\/wp\/v2\/comments?post=20818"}],"version-history":[{"count":1,"href":"https:\/\/www.mecadi.com\/de\/wp-json\/wp\/v2\/pages\/20818\/revisions"}],"predecessor-version":[{"id":20819,"href":"https:\/\/www.mecadi.com\/de\/wp-json\/wp\/v2\/pages\/20818\/revisions\/20819"}],"wp:attachment":[{"href":"https:\/\/www.mecadi.com\/de\/wp-json\/wp\/v2\/media?parent=20818"}],"curies":[{"name":"wp","href":"https:\/\/api.w.org\/{rel}","templated":true}]}}